{"id":3,"date":"2024-11-29T13:56:35","date_gmt":"2024-11-29T12:56:35","guid":{"rendered":"https:\/\/entroidosdelorienteourensano.gal\/?page_id=3"},"modified":"2025-02-21T13:42:20","modified_gmt":"2025-02-21T12:42:20","slug":"politica-privacidad","status":"publish","type":"page","link":"https:\/\/entroidosdelorienteourensano.gal\/en\/politica-privacidad\/","title":{"rendered":"Privacy Policy"},"content":{"rendered":"<div style=\"height:40px\" aria-hidden=\"true\" class=\"wp-block-spacer\"><\/div>\n\n\n\n<p>This website aims to provide public information and services from the owning city councils. No personal data is collected from users through this website.<\/p>\n\n\n\n<p><\/p>\n\n\n\n<h3 class=\"wp-block-heading\">1. <strong>USE OF COOKIES<\/strong><\/h3>\n\n\n\n<p>This website only uses essential technical cookies necessary for its operation, which do not allow user identification. No analytical, advertising, or third-party cookies are used without the user\u2019s prior consent. For more information, please refer to our Cookies Policy.<\/p>\n\n\n\n<p><\/p>\n\n\n\n<h3 class=\"wp-block-heading\">2. <strong>LINKS TO THIRD-PARTY WEBSITES<\/strong><\/h3>\n\n\n\n<p>This website may include links to third-party websites whose privacy policies are independent of this one. We are not responsible for the data processing carried out by those websites.<\/p>\n\n\n\n<p><\/p>\n\n\n\n<h3 class=\"wp-block-heading\">3. <strong>MODIFICATION OF THE PRIVACY POLICY<\/strong><\/h3>\n\n\n\n<p>The owning city councils reserve the right to modify this Privacy Policy to adapt it to legislative changes or website operations.<\/p>\n\n\n\n<div style=\"height:80px\" aria-hidden=\"true\" class=\"wp-block-spacer\"><\/div>\n\n\n\n<p><\/p>","protected":false},"excerpt":{"rendered":"<p>El presente sitio web tiene como finalidad ofrecer informaci\u00f3n y servicios p\u00fablicos de los ayuntamientos titulares. No se recopilan datos personales de los usuarios a trav\u00e9s de este sitio web. 1. USO DE COOKIES Este sitio web \u00fanicamente utiliza cookies t\u00e9cnicas necesarias para su funcionamiento, que no permiten identificar al usuario. No se emplean cookies [&hellip;]<\/p>","protected":false},"author":1,"featured_media":0,"parent":0,"menu_order":0,"comment_status":"closed","ping_status":"open","template":"","meta":{"iawp_total_views":9,"footnotes":""},"class_list":["post-3","page","type-page","status-publish","hentry"],"yoast_head":"<!-- This site is optimized with the Yoast SEO plugin v26.8 - https:\/\/yoast.com\/product\/yoast-seo-wordpress\/ -->\n<title>Pol\u00edtica de privacidad - Entroidos del Oriente Ourensano<\/title>\n<meta name=\"robots\" content=\"noindex, nofollow\" \/>\n<meta property=\"og:locale\" content=\"en_GB\" \/>\n<meta property=\"og:type\" content=\"article\" \/>\n<meta property=\"og:title\" content=\"Pol\u00edtica de privacidad - Entroidos del Oriente Ourensano\" \/>\n<meta property=\"og:description\" content=\"El presente sitio web tiene como finalidad ofrecer informaci\u00f3n y servicios p\u00fablicos de los ayuntamientos titulares. No se recopilan datos personales de los usuarios a trav\u00e9s de este sitio web. 1. USO DE COOKIES Este sitio web \u00fanicamente utiliza cookies t\u00e9cnicas necesarias para su funcionamiento, que no permiten identificar al usuario. No se emplean cookies [&hellip;]\" \/>\n<meta property=\"og:url\" content=\"https:\/\/entroidosdelorienteourensano.gal\/en\/politica-privacidad\/\" \/>\n<meta property=\"og:site_name\" content=\"Entroidos del Oriente Ourensano\" \/>\n<meta property=\"article:publisher\" content=\"https:\/\/www.facebook.com\/profile.php?id=61569683189629\" \/>\n<meta property=\"article:modified_time\" content=\"2025-02-21T12:42:20+00:00\" \/>\n<meta property=\"og:image\" content=\"https:\/\/entroidosdelorienteourensano.gal\/wp-content\/uploads\/2024\/12\/Galeria-Viana-1.jpg\" \/>\n\t<meta property=\"og:image:width\" content=\"1200\" \/>\n\t<meta property=\"og:image:height\" content=\"800\" \/>\n\t<meta property=\"og:image:type\" content=\"image\/jpeg\" \/>\n<meta name=\"twitter:card\" content=\"summary_large_image\" \/>\n<meta name=\"twitter:site\" content=\"@Entroidos_Or_Ou\" \/>\n<meta name=\"twitter:label1\" content=\"Estimated reading time\" \/>\n\t<meta name=\"twitter:data1\" content=\"1 minute\" \/>\n<script type=\"application\/ld+json\" class=\"yoast-schema-graph\">{\"@context\":\"https:\/\/schema.org\",\"@graph\":[{\"@type\":\"WebPage\",\"@id\":\"https:\/\/entroidosdelorienteourensano.gal\/politica-privacidad\/\",\"url\":\"https:\/\/entroidosdelorienteourensano.gal\/politica-privacidad\/\",\"name\":\"Pol\u00edtica de privacidad - Entroidos del Oriente Ourensano\",\"isPartOf\":{\"@id\":\"https:\/\/entroidosdelorienteourensano.gal\/#website\"},\"datePublished\":\"2024-11-29T12:56:35+00:00\",\"dateModified\":\"2025-02-21T12:42:20+00:00\",\"breadcrumb\":{\"@id\":\"https:\/\/entroidosdelorienteourensano.gal\/politica-privacidad\/#breadcrumb\"},\"inLanguage\":\"en-GB\",\"potentialAction\":[{\"@type\":\"ReadAction\",\"target\":[\"https:\/\/entroidosdelorienteourensano.gal\/politica-privacidad\/\"]}]},{\"@type\":\"BreadcrumbList\",\"@id\":\"https:\/\/entroidosdelorienteourensano.gal\/politica-privacidad\/#breadcrumb\",\"itemListElement\":[{\"@type\":\"ListItem\",\"position\":1,\"name\":\"Portada\",\"item\":\"https:\/\/entroidosdelorienteourensano.gal\/\"},{\"@type\":\"ListItem\",\"position\":2,\"name\":\"Pol\u00edtica de privacidad\"}]},{\"@type\":\"WebSite\",\"@id\":\"https:\/\/entroidosdelorienteourensano.gal\/#website\",\"url\":\"https:\/\/entroidosdelorienteourensano.gal\/\",\"name\":\"Entroidos del Oriente Ourensano\",\"description\":\"Vivir el Carnaval del Oriente Ourensano es un experiencia &uacute;nica. En Viana do Bolo, Manzaneda y Vilari&ntilde;o de Conso descubrir&aacute;s el aut&eacute;ntico esp&iacute;ritu del Entroido.\",\"publisher\":{\"@id\":\"https:\/\/entroidosdelorienteourensano.gal\/#organization\"},\"potentialAction\":[{\"@type\":\"SearchAction\",\"target\":{\"@type\":\"EntryPoint\",\"urlTemplate\":\"https:\/\/entroidosdelorienteourensano.gal\/?s={search_term_string}\"},\"query-input\":{\"@type\":\"PropertyValueSpecification\",\"valueRequired\":true,\"valueName\":\"search_term_string\"}}],\"inLanguage\":\"en-GB\"},{\"@type\":\"Organization\",\"@id\":\"https:\/\/entroidosdelorienteourensano.gal\/#organization\",\"name\":\"Entroidos del Oriente Ourensano\",\"url\":\"https:\/\/entroidosdelorienteourensano.gal\/\",\"logo\":{\"@type\":\"ImageObject\",\"inLanguage\":\"en-GB\",\"@id\":\"https:\/\/entroidosdelorienteourensano.gal\/#\/schema\/logo\/image\/\",\"url\":\"https:\/\/entroidosdelorienteourensano.gal\/wp-content\/uploads\/2024\/11\/Viana-boteiro.jpg\",\"contentUrl\":\"https:\/\/entroidosdelorienteourensano.gal\/wp-content\/uploads\/2024\/11\/Viana-boteiro.jpg\",\"width\":1920,\"height\":1441,\"caption\":\"Entroidos del Oriente Ourensano\"},\"image\":{\"@id\":\"https:\/\/entroidosdelorienteourensano.gal\/#\/schema\/logo\/image\/\"},\"sameAs\":[\"https:\/\/www.facebook.com\/profile.php?id=61569683189629\",\"https:\/\/x.com\/Entroidos_Or_Ou\",\"https:\/\/www.instagram.com\/Entroidos_Oriente_Ourensano\/\"]}]}<\/script>\n<!-- \/ Yoast SEO plugin. -->","yoast_head_json":{"title":"Pol\u00edtica de privacidad - Entroidos del Oriente Ourensano","robots":{"index":"noindex","follow":"nofollow"},"og_locale":"en_GB","og_type":"article","og_title":"Pol\u00edtica de privacidad - Entroidos del Oriente Ourensano","og_description":"El presente sitio web tiene como finalidad ofrecer informaci\u00f3n y servicios p\u00fablicos de los ayuntamientos titulares. No se recopilan datos personales de los usuarios a trav\u00e9s de este sitio web. 1. USO DE COOKIES Este sitio web \u00fanicamente utiliza cookies t\u00e9cnicas necesarias para su funcionamiento, que no permiten identificar al usuario. No se emplean cookies [&hellip;]","og_url":"https:\/\/entroidosdelorienteourensano.gal\/en\/politica-privacidad\/","og_site_name":"Entroidos del Oriente Ourensano","article_publisher":"https:\/\/www.facebook.com\/profile.php?id=61569683189629","article_modified_time":"2025-02-21T12:42:20+00:00","og_image":[{"width":1200,"height":800,"url":"https:\/\/entroidosdelorienteourensano.gal\/wp-content\/uploads\/2024\/12\/Galeria-Viana-1.jpg","type":"image\/jpeg"}],"twitter_card":"summary_large_image","twitter_site":"@Entroidos_Or_Ou","twitter_misc":{"Estimated reading time":"1 minute"},"schema":{"@context":"https:\/\/schema.org","@graph":[{"@type":"WebPage","@id":"https:\/\/entroidosdelorienteourensano.gal\/politica-privacidad\/","url":"https:\/\/entroidosdelorienteourensano.gal\/politica-privacidad\/","name":"Pol\u00edtica de privacidad - Entroidos del Oriente Ourensano","isPartOf":{"@id":"https:\/\/entroidosdelorienteourensano.gal\/#website"},"datePublished":"2024-11-29T12:56:35+00:00","dateModified":"2025-02-21T12:42:20+00:00","breadcrumb":{"@id":"https:\/\/entroidosdelorienteourensano.gal\/politica-privacidad\/#breadcrumb"},"inLanguage":"en-GB","potentialAction":[{"@type":"ReadAction","target":["https:\/\/entroidosdelorienteourensano.gal\/politica-privacidad\/"]}]},{"@type":"BreadcrumbList","@id":"https:\/\/entroidosdelorienteourensano.gal\/politica-privacidad\/#breadcrumb","itemListElement":[{"@type":"ListItem","position":1,"name":"Portada","item":"https:\/\/entroidosdelorienteourensano.gal\/"},{"@type":"ListItem","position":2,"name":"Pol\u00edtica de privacidad"}]},{"@type":"WebSite","@id":"https:\/\/entroidosdelorienteourensano.gal\/#website","url":"https:\/\/entroidosdelorienteourensano.gal\/","name":"Entroidos del Oriente Ourensano","description":"Vivir el Carnaval del Oriente Ourensano es un experiencia &uacute;nica. En Viana do Bolo, Manzaneda y Vilari&ntilde;o de Conso descubrir&aacute;s el aut&eacute;ntico esp&iacute;ritu del Entroido.","publisher":{"@id":"https:\/\/entroidosdelorienteourensano.gal\/#organization"},"potentialAction":[{"@type":"SearchAction","target":{"@type":"EntryPoint","urlTemplate":"https:\/\/entroidosdelorienteourensano.gal\/?s={search_term_string}"},"query-input":{"@type":"PropertyValueSpecification","valueRequired":true,"valueName":"search_term_string"}}],"inLanguage":"en-GB"},{"@type":"Organization","@id":"https:\/\/entroidosdelorienteourensano.gal\/#organization","name":"Entroidos del Oriente Ourensano","url":"https:\/\/entroidosdelorienteourensano.gal\/","logo":{"@type":"ImageObject","inLanguage":"en-GB","@id":"https:\/\/entroidosdelorienteourensano.gal\/#\/schema\/logo\/image\/","url":"https:\/\/entroidosdelorienteourensano.gal\/wp-content\/uploads\/2024\/11\/Viana-boteiro.jpg","contentUrl":"https:\/\/entroidosdelorienteourensano.gal\/wp-content\/uploads\/2024\/11\/Viana-boteiro.jpg","width":1920,"height":1441,"caption":"Entroidos del Oriente Ourensano"},"image":{"@id":"https:\/\/entroidosdelorienteourensano.gal\/#\/schema\/logo\/image\/"},"sameAs":["https:\/\/www.facebook.com\/profile.php?id=61569683189629","https:\/\/x.com\/Entroidos_Or_Ou","https:\/\/www.instagram.com\/Entroidos_Oriente_Ourensano\/"]}]}},"_links":{"self":[{"href":"https:\/\/entroidosdelorienteourensano.gal\/en\/wp-json\/wp\/v2\/pages\/3","targetHints":{"allow":["GET"]}}],"collection":[{"href":"https:\/\/entroidosdelorienteourensano.gal\/en\/wp-json\/wp\/v2\/pages"}],"about":[{"href":"https:\/\/entroidosdelorienteourensano.gal\/en\/wp-json\/wp\/v2\/types\/page"}],"author":[{"embeddable":true,"href":"https:\/\/entroidosdelorienteourensano.gal\/en\/wp-json\/wp\/v2\/users\/1"}],"replies":[{"embeddable":true,"href":"https:\/\/entroidosdelorienteourensano.gal\/en\/wp-json\/wp\/v2\/comments?post=3"}],"version-history":[{"count":5,"href":"https:\/\/entroidosdelorienteourensano.gal\/en\/wp-json\/wp\/v2\/pages\/3\/revisions"}],"predecessor-version":[{"id":18265,"href":"https:\/\/entroidosdelorienteourensano.gal\/en\/wp-json\/wp\/v2\/pages\/3\/revisions\/18265"}],"wp:attachment":[{"href":"https:\/\/entroidosdelorienteourensano.gal\/en\/wp-json\/wp\/v2\/media?parent=3"}],"curies":[{"name":"wp","href":"https:\/\/api.w.org\/{rel}","templated":true}]}}